{"id":9284,"date":"2019-12-14T17:22:09","date_gmt":"2019-12-14T16:22:09","guid":{"rendered":"http:\/\/www.plur.at\/?page_id=9284"},"modified":"2019-12-14T17:22:09","modified_gmt":"2019-12-14T16:22:09","slug":"dj-ing","status":"publish","type":"page","link":"https:\/\/www.plur.at\/?page_id=9284","title":{"rendered":"Offenlegung \/ Impressum \/ Haftungsausschluss"},"content":{"rendered":"<div class=\"fusion-fullwidth fullwidth-box fusion-builder-row-1 nonhundred-percent-fullwidth non-hundred-percent-height-scrolling\" style=\"--awb-border-radius-top-left:0px;--awb-border-radius-top-right:0px;--awb-border-radius-bottom-right:0px;--awb-border-radius-bottom-left:0px;--awb-flex-wrap:wrap;\" ><div class=\"fusion-builder-row fusion-row\"><div class=\"fusion-layout-column fusion_builder_column fusion-builder-column-0 fusion_builder_column_1_1 1_1 fusion-one-full fusion-column-first fusion-column-last\" style=\"--awb-bg-size:cover;--awb-margin-bottom:0px;\"><div class=\"fusion-column-wrapper fusion-flex-column-wrapper-legacy\"><div class=\"fusion-text fusion-text-1\"><h1 class=\"av-special-heading-tag \">Offenlegung nach \u00a725 MedienG<\/h1>\n<p>Diese private Webseite (www.plur.at) wird betrieben von:<\/p>\n<p><img decoding=\"async\" class=\"lazyload alignnone size-full wp-image-9285\" src=\"data:image\/svg+xml,%3Csvg%20xmlns%3D%27http%3A%2F%2Fwww.w3.org%2F2000%2Fsvg%27%20width%3D%27151%27%20height%3D%2773%27%20viewBox%3D%270%200%20151%2073%27%3E%3Crect%20width%3D%27151%27%20height%3D%2773%27%20fill-opacity%3D%220%22%2F%3E%3C%2Fsvg%3E\" data-orig-src=\"https:\/\/www.plur.at\/wp-content\/uploads\/2019\/12\/impressum_name_adr_mail.png\" alt=\"\" width=\"151\" height=\"73\" \/><\/p>\n<h1>Zweck der Webseite<\/h1>\n<p>Diese Webseite ist ein privater Blog rund um die Themen &#8220;Filme &amp; Serien&#8221;, &#8220;Musik&#8221;, &#8220;HiFi, Heimkino &amp; Computer&#8221; und &#8220;Whisky&#8221;.<br \/>\nDie hier ver\u00f6ffentlichten Artikel spiegeln ausschlie\u00dflich die pers\u00f6nliche Meinung des Betreibers wider.<br \/>\nDer oben genannte Betreiber ist f\u00fcr die redaktionellen Inhalte verantwortlich.<\/p>\n<h1>Copyright<\/h1>\n<p>Das Copyright f\u00fcr ver\u00f6ffentlichte, vom Betreiber selbst erstellte Objekte bleibt allein beim Betreiber der Webseite. Eine Vervielf\u00e4ltigung oder Verwendung von Texten, Grafiken, Ton- und Videosequenzen in anderen elektronischen oder gedruckten Publikationen ist ohne ausdr\u00fcckliche Zustimmung des Betreibers nicht gestattet.<\/p>\n<h1 id=\"m65\">Haftungs- und Urheberrechtshinweise<\/h1>\n<h2>Haftungsausschluss<\/h2>\n<div id=\"dsg-module-preview-66-de\" class=\"dsg-module-preview dsg-module-preview-generate dsg-option-preview dsg-option-preview-66 dsg-option-preview-parent-65 dsg-module-preview-fill filled active\" data-language=\"de\" data-parent_mid=\"65\" data-mid=\"66\" data-sku-de=\"\" data-is-bold=\"0\">\n<p>Die Inhalte dieses Onlineangebotes wurden sorgf\u00e4ltig und nach unserem aktuellen Kenntnisstand erstellt, dienen jedoch nur der Information und entfalten keine rechtlich bindende Wirkung, sofern es sich nicht um gesetzlich verpflichtende Informationen (z.B. das Impressum, die Datenschutzerkl\u00e4rung, AGB oder Widerrufsbelehrungen f\u00fcr Verbraucher) handelt. Wir behalten uns vor, die Inhalte vollst\u00e4ndig oder teilweise zu \u00e4ndern oder zu l\u00f6schen, soweit vertragliche Verpflichtungen unber\u00fchrt bleiben. Alle Angebote sind freibleibend und unverbindlich.<\/p>\n<h2><strong>Links auf fremde Webseiten<\/strong><\/h2>\n<p>Inhalte fremder Webseiten, auf die wir direkt oder indirekt verweisen, liegen au\u00dferhalb unseres Verantwortungsbereiches und machen wir uns nicht zu Eigen. F\u00fcr alle Inhalte und insbesondere f\u00fcr Sch\u00e4den, die aus der Nutzung der in den verlinkten Webseiten aufrufbaren Informationen entstehen, haftet allein der Anbieter der verlinkten Webseiten.<\/p>\n<\/div>\n<h2><strong>Urheberrechte und Markenrechte<\/strong><\/h2>\n<p>Alle auf dieser Website dargestellten Inhalte, wie Texte, Fotografien, Grafiken, Marken und Warenzeichen sind durch die jeweiligen Schutzrechte (Urheberrechte, Markenrechte) gesch\u00fctzt. Die Verwendung, Vervielf\u00e4ltigung usw. unterliegen unseren Rechten oder den Rechten der jeweiligen Urheber bzw. Rechteverwalter.<\/p>\n<h2><strong>Hinweise auf Rechtsverst\u00f6\u00dfe<\/strong><\/h2>\n<p>Sollten Sie innerhalb unseres Internetauftritts Rechtsverst\u00f6\u00dfe bemerken, bitten wir Sie uns auf diese hinzuweisen. Wir werden rechtswidrige Inhalte und Links nach Kenntnisnahme unverz\u00fcglich entfernen.<\/p>\n<p>Hinweis: Die Haftungs- und Urheberrechtshinweise wurden <a title=\"Rechtstext von Dr. Schwenke - f\u00fcr weitere Informationen bitte anklicken.\" href=\"https:\/\/datenschutz-generator.de\/?l=de\" target=\"_blank\" rel=\"noopener noreferrer\">erstellt mit dem kostenlosen Datenschutz-Generator.de von Dr. Thomas Schwenke<\/a><\/p>\n<\/div><div class=\"fusion-clearfix\"><\/div><\/div><\/div><\/div><\/div>\n","protected":false},"excerpt":{"rendered":"","protected":false},"author":1,"featured_media":0,"parent":4633,"menu_order":0,"comment_status":"closed","ping_status":"closed","template":"","meta":{"footnotes":""},"class_list":["post-9284","page","type-page","status-publish","hentry"],"_links":{"self":[{"href":"https:\/\/www.plur.at\/index.php?rest_route=\/wp\/v2\/pages\/9284","targetHints":{"allow":["GET"]}}],"collection":[{"href":"https:\/\/www.plur.at\/index.php?rest_route=\/wp\/v2\/pages"}],"about":[{"href":"https:\/\/www.plur.at\/index.php?rest_route=\/wp\/v2\/types\/page"}],"author":[{"embeddable":true,"href":"https:\/\/www.plur.at\/index.php?rest_route=\/wp\/v2\/users\/1"}],"replies":[{"embeddable":true,"href":"https:\/\/www.plur.at\/index.php?rest_route=%2Fwp%2Fv2%2Fcomments&post=9284"}],"version-history":[{"count":1,"href":"https:\/\/www.plur.at\/index.php?rest_route=\/wp\/v2\/pages\/9284\/revisions"}],"predecessor-version":[{"id":9286,"href":"https:\/\/www.plur.at\/index.php?rest_route=\/wp\/v2\/pages\/9284\/revisions\/9286"}],"up":[{"embeddable":true,"href":"https:\/\/www.plur.at\/index.php?rest_route=\/wp\/v2\/pages\/4633"}],"wp:attachment":[{"href":"https:\/\/www.plur.at\/index.php?rest_route=%2Fwp%2Fv2%2Fmedia&parent=9284"}],"curies":[{"name":"wp","href":"https:\/\/api.w.org\/{rel}","templated":true}]}}