{"id":294,"date":"2013-03-20T13:38:22","date_gmt":"2013-03-20T12:38:22","guid":{"rendered":"http:\/\/www.plur.at\/wp\/?page_id=294"},"modified":"2026-03-04T12:49:19","modified_gmt":"2026-03-04T10:49:19","slug":"smorgasbord","status":"publish","type":"page","link":"https:\/\/www.plur.at\/?page_id=294","title":{"rendered":"Radio Smorgasbord"},"content":{"rendered":"<div class=\"fusion-fullwidth fullwidth-box fusion-builder-row-1 nonhundred-percent-fullwidth non-hundred-percent-height-scrolling\" style=\"--awb-border-radius-top-left:0px;--awb-border-radius-top-right:0px;--awb-border-radius-bottom-right:0px;--awb-border-radius-bottom-left:0px;--awb-flex-wrap:wrap;\" ><div class=\"fusion-builder-row fusion-row\"><div class=\"fusion-layout-column fusion_builder_column fusion-builder-column-0 fusion_builder_column_1_1 1_1 fusion-one-full fusion-column-first fusion-column-last\" style=\"--awb-bg-size:cover;--awb-margin-bottom:0px;\"><div class=\"fusion-column-wrapper fusion-flex-column-wrapper-legacy\"><div class=\"fusion-image-element fusion-image-align-center in-legacy-container\" style=\"text-align:center;--awb-caption-title-font-family:var(--h2_typography-font-family);--awb-caption-title-font-weight:var(--h2_typography-font-weight);--awb-caption-title-font-style:var(--h2_typography-font-style);--awb-caption-title-size:var(--h2_typography-font-size);--awb-caption-title-transform:var(--h2_typography-text-transform);--awb-caption-title-line-height:var(--h2_typography-line-height);--awb-caption-title-letter-spacing:var(--h2_typography-letter-spacing);\"><div class=\"imageframe-align-center\"><span class=\" fusion-imageframe imageframe-none imageframe-1 hover-type-none\"><img decoding=\"async\" width=\"1024\" height=\"256\" title=\"smorgasbord_border_staticslider_fi\" src=\"https:\/\/www.plur.at\/wp-content\/uploads\/2020\/11\/smorgasbord_border_staticslider_fi.jpg\" data-orig-src=\"https:\/\/www.plur.at\/wp-content\/uploads\/2020\/11\/smorgasbord_border_staticslider_fi-1024x256.jpg\" alt class=\"lazyload img-responsive wp-image-12520\" srcset=\"data:image\/svg+xml,%3Csvg%20xmlns%3D%27http%3A%2F%2Fwww.w3.org%2F2000%2Fsvg%27%20width%3D%271600%27%20height%3D%27400%27%20viewBox%3D%270%200%201600%20400%27%3E%3Crect%20width%3D%271600%27%20height%3D%27400%27%20fill-opacity%3D%220%22%2F%3E%3C%2Fsvg%3E\" data-srcset=\"https:\/\/www.plur.at\/wp-content\/uploads\/2020\/11\/smorgasbord_border_staticslider_fi-200x50.jpg 200w, https:\/\/www.plur.at\/wp-content\/uploads\/2020\/11\/smorgasbord_border_staticslider_fi-400x100.jpg 400w, https:\/\/www.plur.at\/wp-content\/uploads\/2020\/11\/smorgasbord_border_staticslider_fi-600x150.jpg 600w, https:\/\/www.plur.at\/wp-content\/uploads\/2020\/11\/smorgasbord_border_staticslider_fi-800x200.jpg 800w, https:\/\/www.plur.at\/wp-content\/uploads\/2020\/11\/smorgasbord_border_staticslider_fi-1200x300.jpg 1200w, https:\/\/www.plur.at\/wp-content\/uploads\/2020\/11\/smorgasbord_border_staticslider_fi.jpg 1600w\" data-sizes=\"auto\" data-orig-sizes=\"(max-width: 820px) 100vw, 1024px\" \/><\/span><\/div><\/div><div class=\"fusion-sep-clear\"><\/div><div class=\"fusion-separator fusion-full-width-sep\" style=\"margin-left: auto;margin-right: auto;margin-top:10px;margin-bottom:10px;width:100%;\"><div class=\"fusion-separator-border sep-single\" style=\"--awb-height:20px;--awb-amount:20px;border-color:var(--awb-color7);border-top-width:0px;\"><\/div><\/div><div class=\"fusion-sep-clear\"><\/div><div class=\"fusion-text fusion-text-1\" style=\"--awb-content-alignment:justify;\"><h2>Die Idee<\/h2>\n<p>Bereits um die Jahrtausendwende begeisterte mich der Gedanke, eine eigene Internet-Radiosendung zu machen. F\u00fcr derartige Hobbies gab es damals aber keine seri\u00f6sen Anbieter. Alle Versuche das Projekt selbst zu starten scheiterten schlussendlich an den Geb\u00fchren, die an die Verwertungsgesellschafte(en) zu entrichten gewesen w\u00e4ren.<\/p>\n<p>2009 entdeckte ich zuf\u00e4llig die Plattform <a href=\"https:\/\/laut.fm\" target=\"_blank\" rel=\"noopener noreferrer\">laut.fm<\/a>. Der Anbieter arbeitete damals am Aufbau einer legalen Plattform, um die von Benutzern selbstgemachten Radioprogramme als Stream zu verbreiten &#8211; ein bisher einzigartiges Projekt im deutschsprachigen Raum.<\/p>\n<p style=\"text-align: left;\">Nach einer unkomplizierten Anmeldung erstelle ich rund um den Jahreswechsel 2009\/2010 innerhalb weniger Wochen einen ersten Sendeplan. Mitte J\u00e4nner 2010 starteten bereits die ersten Radioshows.<\/p>\n<h2>Das Projekt<\/h2>\n<p>W\u00e4hrend ich diese Zeilen \u00fcberarbeite n\u00e4hert sich das Jahr 2025 dem Ende. Das Radioprojekt ist exakt 15 Jahre alt und durchlief im Laufe der Jahre verschiedene Phasen. Die Homepage und die Social-Media Profile existieren nicht mehr.<\/p>\n<p>Eines aber ist immer gleich geblieben: Radio Smorgasbord versorgt den geneigten H\u00f6rer noch immer rund um die Uhr mit Musik.<\/p>\n<p>Es gibt noch immer t\u00e4gliche Schwerpunktsendungen rund um die musikalischen Bereiche &#8220;Keltische Musik&#8221; und &#8220;Folk-Rock und Psychedelisches aus den 60ern und 70ern&#8221;. Andere Sendungen widmen sich verschiedensten Arten von Rock, Metal oder Jazz. Freunde von Live-Aufnahmen kommt bei der Sendung &#8220;Live Cuts&#8221; voll auf ihre Kosten. Zur Entspannung l\u00e4uft immer wieder die Sendung &#8220;Chilled Out&#8221;. Den ganzen gewaltigen Rest meiner musikalischen Ausfl\u00fcge pr\u00e4sentiere ich in der Sendung &#8220;Papa Jay&#8217;s Ever Expanding Universe Of Music&#8221;. Seit April 2012 gibt es dar\u00fcber hinaus jeden Montag bis Samstag von sechs bis neun Uhr eine Morning Show mit dem Namen &#8220;Have A Nice Day&#8221; zu h\u00f6ren.<\/p>\n<p>S\u00e4mtliche Playlisten werden in unregelm\u00e4\u00dfigen Abst\u00e4nden erweitert und spielen Musik in einem intelligenten &#8220;Shuffle Modus&#8221;. F\u00fcr jede Menge guter Musik und reichlich Abwechslung ist also gesorgt.<\/p>\n<\/div><div class=\"fusion-sep-clear\"><\/div><div class=\"fusion-separator fusion-full-width-sep\" style=\"margin-left: auto;margin-right: auto;width:100%;\"><div class=\"fusion-separator-border sep-single sep-solid\" style=\"--awb-height:20px;--awb-amount:20px;border-color:var(--awb-color7);border-top-width:0px;\"><\/div><\/div><div class=\"fusion-sep-clear\"><\/div><div class=\"fusion-text fusion-text-2\" style=\"--awb-content-alignment:justify;\"><h2>Wie kann ich Radio Smorgasbord h\u00f6ren<\/h2>\n<p>Es gibt verschiedene M\u00f6glichkeiten Radio Smorgasbord zu h\u00f6ren.<\/p>\n<ul>\n<li>Eingabe des Streaming URLs in einem Mediaplayer (z.B. VLC)\n<ul>\n<li>http:\/\/stream.laut.fm\/smorgasbord<\/li>\n<li>http:\/\/stream.laut.fm\/smorgasbord.m3u<\/li>\n<\/ul>\n<\/li>\n<li>Eingabe des Streaming URLs in einem Musiksystem wie\n<ul>\n<li>Sonos<\/li>\n<li>Roon<\/li>\n<li>HEOS<\/li>\n<li>Raumfeld<\/li>\n<li>usw.<\/li>\n<\/ul>\n<\/li>\n<li>Direkte Wiedergabe \u00fcber die <a href=\"https:\/\/laut.fm\/smorgasbord\">Stations-Seite bei laut.fm<\/a><\/li>\n<li>Wiedergabe der <a href=\"https:\/\/www.plur.at\/?page_id=17385\">Radio Smorgasbord Playlisten auf Spotify<\/a><\/li>\n<\/ul>\n<p><em>Anmerkung: die Wiedergabe \u00fcber das TuneIn Portal ist leider seit 2017 nicht mehr m\u00f6glich, da TuneIn etliche Sender der laut.fm Community gel\u00f6scht hat.<\/em><\/p>\n<\/div><div class=\"fusion-clearfix\"><\/div><\/div><\/div><\/div><\/div>\n","protected":false},"excerpt":{"rendered":"","protected":false},"author":1,"featured_media":17680,"parent":15390,"menu_order":0,"comment_status":"closed","ping_status":"open","template":"","meta":{"footnotes":""},"class_list":["post-294","page","type-page","status-publish","has-post-thumbnail","hentry"],"_links":{"self":[{"href":"https:\/\/www.plur.at\/index.php?rest_route=\/wp\/v2\/pages\/294","targetHints":{"allow":["GET"]}}],"collection":[{"href":"https:\/\/www.plur.at\/index.php?rest_route=\/wp\/v2\/pages"}],"about":[{"href":"https:\/\/www.plur.at\/index.php?rest_route=\/wp\/v2\/types\/page"}],"author":[{"embeddable":true,"href":"https:\/\/www.plur.at\/index.php?rest_route=\/wp\/v2\/users\/1"}],"replies":[{"embeddable":true,"href":"https:\/\/www.plur.at\/index.php?rest_route=%2Fwp%2Fv2%2Fcomments&post=294"}],"version-history":[{"count":33,"href":"https:\/\/www.plur.at\/index.php?rest_route=\/wp\/v2\/pages\/294\/revisions"}],"predecessor-version":[{"id":17687,"href":"https:\/\/www.plur.at\/index.php?rest_route=\/wp\/v2\/pages\/294\/revisions\/17687"}],"up":[{"embeddable":true,"href":"https:\/\/www.plur.at\/index.php?rest_route=\/wp\/v2\/pages\/15390"}],"wp:featuredmedia":[{"embeddable":true,"href":"https:\/\/www.plur.at\/index.php?rest_route=\/wp\/v2\/media\/17680"}],"wp:attachment":[{"href":"https:\/\/www.plur.at\/index.php?rest_route=%2Fwp%2Fv2%2Fmedia&parent=294"}],"curies":[{"name":"wp","href":"https:\/\/api.w.org\/{rel}","templated":true}]}}