{"id":12554,"date":"2020-11-17T17:40:52","date_gmt":"2020-11-17T15:40:52","guid":{"rendered":"https:\/\/www.plur.at\/?page_id=12554"},"modified":"2026-03-03T09:46:06","modified_gmt":"2026-03-03T07:46:06","slug":"whisky-2","status":"publish","type":"page","link":"https:\/\/www.plur.at\/?page_id=12554","title":{"rendered":"Tasting Notes &#038; Bewertung"},"content":{"rendered":"<div class=\"fusion-fullwidth fullwidth-box fusion-builder-row-1 hundred-percent-fullwidth non-hundred-percent-height-scrolling\" style=\"--awb-border-radius-top-left:0px;--awb-border-radius-top-right:0px;--awb-border-radius-bottom-right:0px;--awb-border-radius-bottom-left:0px;--awb-overflow:visible;--awb-flex-wrap:wrap;\" ><div class=\"fusion-builder-row fusion-row\"><div class=\"fusion-layout-column fusion_builder_column fusion-builder-column-0 fusion_builder_column_1_1 1_1 fusion-one-full fusion-column-first fusion-column-last fusion-column-no-min-height\" style=\"--awb-bg-size:cover;--awb-margin-bottom:0px;\"><div class=\"fusion-column-wrapper fusion-flex-column-wrapper-legacy\"><div class=\"fusion-text fusion-text-1\"><h2>Bewertung<\/h2>\n<ul>\n<li>Die Bewertung erfolgt mit einer Gesamtnote auf einer Skala von 1-10 Punkten (1 = schlecht \/ 10 = \u00fcberragend)<\/li>\n<li>Es werden auch halbe Punkte vergeben<\/li>\n<li>Im Bereich von -1\/+1 Punkt spielt gelegentlich auch das Preis-\/Leistungsverh\u00e4ltnis eine Rolle (Beispiel: wenn ein besonders teurer Whisky reichlich unspektakul\u00e4r oder gar schlecht schmeckt, gibt es daf\u00fcr eine etwas schlechtere Bewertung als bei einem g\u00fcnstigen Blend aus dem Supermarkt)<\/li>\n<\/ul>\n<h3>Bewertungsbereiche<\/h3>\n<p>Die Bewertungsbereiche k\u00f6nnen grob wie folgt eingeteilt werden:<\/p>\n<p><strong>1,0 &#8211; 4,5 Punkte:<\/strong> Der Whisky hat mir gar nicht oder nicht besonders gut geschmeckt. Den Whisky werde ich mir nicht noch einmal kaufen und auch nicht empfehlen. Wenn zwei oder drei Abf\u00fcllungen der gleichen Destillerie oder des gleichen Blenders derart niedrige Bewertungen erhalten, werde ich vermutlich keine weiteren Produkte des Herstellers mehr verkosten.<\/p>\n<p><strong>5,0 &#8211; 6,5 Punkte:<\/strong> Der Whisky war mittelm\u00e4\u00dfig, aber in Ordnung. Den Whisky werde ich mir nicht noch einmal kaufen, aber andere Abf\u00fcllungen der Destillerie oder des Blenders sind weiterhin interessant.<\/p>\n<p><strong>7,0 &#8211;\u00a0 8,0 Punkte:<\/strong> Der Whisky hat mir gut bis sehr gut geschmeckt. Den Whisky w\u00fcrde ich tendenziell wieder kaufen. Andere Abf\u00fcllungen des Herstellers sind interessant. Ab 7,5 Punkten wird ein Whisky m\u00f6glicherweise ist die Liste der &#8220;Lieblingswhiskys&#8221; aufgenommen.<\/p>\n<p><strong>8,5 &#8211; 10 Punkte:<\/strong> Der Whisky hat mir ausgezeichnet geschmeckt. Den Whisky w\u00fcrde jederzeit wieder kaufen. Andere Abf\u00fcllungen des Herstellers sind sehr interessant. Diese Whiskys sind mit gro\u00dfer Wahrscheinlichkeit in der Liste der &#8220;Lieblingswhiskys&#8221; zu finden.<\/p>\n<\/div><div class=\"fusion-sep-clear\"><\/div><div class=\"fusion-separator\" style=\"margin-left: auto;margin-right: auto;margin-top:20px;margin-bottom:20px;width:100%;max-width:30%;\"><div class=\"fusion-separator-border sep-single sep-solid\" style=\"--awb-height:20px;--awb-amount:20px;border-color:var(--awb-color7);border-top-width:3px;\"><\/div><\/div><div class=\"fusion-sep-clear\"><\/div><div class=\"fusion-text fusion-text-2\"><h2>Tasting Notes<\/h2>\n<p>Ende 2014 begann ich im Rahmen der Verkosten auch meine Eindr\u00fccke zu notieren. Ich bin kein Profi und vermutlich auch nicht sonderlich gut dabei. Meine Notizen sind tendenziell simpel gehalten, haben sich aber in den letzten Jahren ver\u00e4ndert, da bestimmte Aromen erst im Laufe der Zeit f\u00fcr mich besser beschreibbar geworden sind.<\/p>\n<p>Mein mehr oder weniger konsistentes Standardschema umfasst folgende Informationen:<\/p>\n<ul>\n<li>Basisinformation \u00fcber den Whisky<\/li>\n<li>Farbe<\/li>\n<li>Konsistenz (gelegentlich)<\/li>\n<li>Geruch<\/li>\n<li>Geschmack<\/li>\n<li>Abgang<\/li>\n<li>Kommentar zu den Aromen am n\u00e4chsten Tag (gelegentlich)\n<ul>\n<li>das Glas bleibt in der Nacht stehen und am n\u00e4chsten Morgen wird noch einmal gerochen<\/li>\n<\/ul>\n<\/li>\n<\/ul>\n<p>Unter jeder Verkostungsnotiz findet man zus\u00e4tzlich folgende Informationen zusammengefasst:<\/p>\n<ul>\n<li>Datum der Verkostung<\/li>\n<li>Preis\/Preisspanne zum Datum der Verkostung<\/li>\n<li>Flaschengr\u00f6\u00dfe<\/li>\n<li>Alkoholgehalt<\/li>\n<li>optional Angaben zu Fassnummern, Batches, Flaschennummern und Anzahl der produzierten Flaschen\n<ul>\n<li>meist nur bei unabh\u00e4ngigen Abf\u00fcllungen bzw. Vintage-Abf\u00fcllungen<\/li>\n<\/ul>\n<\/li>\n<\/ul>\n<\/div><div class=\"fusion-clearfix\"><\/div><\/div><\/div><\/div><\/div>\n","protected":false},"excerpt":{"rendered":"","protected":false},"author":1,"featured_media":17633,"parent":4468,"menu_order":0,"comment_status":"open","ping_status":"open","template":"","meta":{"footnotes":""},"class_list":["post-12554","page","type-page","status-publish","has-post-thumbnail","hentry"],"_links":{"self":[{"href":"https:\/\/www.plur.at\/index.php?rest_route=\/wp\/v2\/pages\/12554","targetHints":{"allow":["GET"]}}],"collection":[{"href":"https:\/\/www.plur.at\/index.php?rest_route=\/wp\/v2\/pages"}],"about":[{"href":"https:\/\/www.plur.at\/index.php?rest_route=\/wp\/v2\/types\/page"}],"author":[{"embeddable":true,"href":"https:\/\/www.plur.at\/index.php?rest_route=\/wp\/v2\/users\/1"}],"replies":[{"embeddable":true,"href":"https:\/\/www.plur.at\/index.php?rest_route=%2Fwp%2Fv2%2Fcomments&post=12554"}],"version-history":[{"count":4,"href":"https:\/\/www.plur.at\/index.php?rest_route=\/wp\/v2\/pages\/12554\/revisions"}],"predecessor-version":[{"id":17391,"href":"https:\/\/www.plur.at\/index.php?rest_route=\/wp\/v2\/pages\/12554\/revisions\/17391"}],"up":[{"embeddable":true,"href":"https:\/\/www.plur.at\/index.php?rest_route=\/wp\/v2\/pages\/4468"}],"wp:featuredmedia":[{"embeddable":true,"href":"https:\/\/www.plur.at\/index.php?rest_route=\/wp\/v2\/media\/17633"}],"wp:attachment":[{"href":"https:\/\/www.plur.at\/index.php?rest_route=%2Fwp%2Fv2%2Fmedia&parent=12554"}],"curies":[{"name":"wp","href":"https:\/\/api.w.org\/{rel}","templated":true}]}}